{"id":856,"date":"2024-04-05T14:00:51","date_gmt":"2024-04-05T12:00:51","guid":{"rendered":"https:\/\/www.belv.be\/?page_id=856"},"modified":"2024-04-05T14:04:20","modified_gmt":"2024-04-05T12:04:20","slug":"declaration-daccessibilite","status":"publish","type":"page","link":"https:\/\/www.belv.be\/fr\/declaration-daccessibilite\/","title":{"rendered":"D\u00e9claration d&rsquo;accessibilit\u00e9 Bel V"},"content":{"rendered":"\n<p>Bel V s&rsquo;efforce de rendre son site Internet accessible et utilisable par tous, dans la mesure du possible, y compris par les visiteurs souffrant d&rsquo;un handicap moteur, visuel ou auditif.<\/p>\n\n\n\n<p>Cette d\u00e9claration d&rsquo;accessibilit\u00e9 s&rsquo;applique au site web de Bel V <a href=\"https:\/\/www.belv.be\/nl\/\">:<\/a> <a href=\"https:\/\/www.belv.be\/fr\/\">https:\/\/www.belv.be\/fr\/<\/a>. &nbsp;<\/p>\n\n\n\n<p><strong>\u00c9tat de conformit\u00e9<\/strong><\/p>\n\n\n\n<p>Le pr\u00e9sent site web (<a href=\"https:\/\/www.belv.be\/fr\/\">https:\/\/www.belv.be\/fr\/<\/a>) r\u00e9pond partiellement \u00e0 la loi du 19 juillet 2018 relative \u00e0 l&rsquo;accessibilit\u00e9 des sites internet et des applications mobiles des organismes du secteur public et aux Web Content <a href=\"https:\/\/www.w3.org\/TR\/WCAG21\/\"><em>Accessibility Guidelines (WCAG) version 2.1<\/em><\/a>. Cette conformit\u00e9 partielle peut \u00eatre justifi\u00e9e par le motif d&rsquo;exemption dont Bel V peut se pr\u00e9valoir. En effet, cela imposerait une charge disproportionn\u00e9e \u00e0 Bel V si elle devait mettre le site web en conformit\u00e9 totale avec les exigences l\u00e9gales.<\/p>\n\n\n\n<p>Un audit externe sur l&rsquo;accessibilit\u00e9 a d\u00e9j\u00e0 \u00e9t\u00e9 r\u00e9alis\u00e9 (une \u00ab\u00a0analyse simplifi\u00e9e\u00a0\u00bb), dont vous pouvez consulter le rapport \u00e0 l&rsquo;adresse suivante <a href=\"https:\/\/scan.accessibility.belgium.be\/nl\/report\/2023\/www.belv.be\">:<\/a>&nbsp;&nbsp;&nbsp;&nbsp;&nbsp;&nbsp;&nbsp;&nbsp;&nbsp; <a href=\"https:\/\/scan.accessibility.belgium.be\/nl\/report\/2023\/www.belv.be\">https:\/\/scan.accessibility.belgium.be\/nl\/report\/2023\/www.belv.be<\/a>.<\/p>\n\n\n\n<p>N\u00e9anmoins, nous souhaitons vous informer, en tant que visiteur, des \u00e9l\u00e9ments du site web qui ne sont pas (enti\u00e8rement) accessibles :<\/p>\n\n\n\n<p><strong>Par exemple, les \u00e9l\u00e9ments suivants du site web ne r\u00e9pondent pas aux exigences l\u00e9gales<\/strong><\/p>\n\n\n\n<ul class=\"wp-block-list\"><li>La plupart des images, ic\u00f4nes et graphiques n&rsquo;ont pas de description alternative correcte (affichage dans le texte).<\/li><li>Les informations figurant sur le site web ne sont pas transmises correctement aux logiciels d&rsquo;assistance et ne sont pas enti\u00e8rement compatibles avec ces derniers (par exemple, un logiciel de pr\u00e9lecture ou un programme de commande vocale), ce qui pourrait entra\u00eener une mauvaise compr\u00e9hension du contenu par les utilisateurs de logiciels d&rsquo;assistance.<\/li><li>Le rapport de contraste entre la couleur du texte et celle de l&rsquo;arri\u00e8re-plan ne r\u00e9pond pas aux exigences minimales. L&rsquo;utilisateur ne peut pas choisir ou ajuster les couleurs d&rsquo;avant-plan et d&rsquo;arri\u00e8re-plan des blocs de texte sur le site web.<\/li><li>Toutes les parties du site Web ne sont pas enti\u00e8rement accessibles en utilisant uniquement les commandes du clavier.<\/li><\/ul>\n\n\n\n<p>Vous trouverez ci-dessous une liste d&rsquo;\u00e9l\u00e9ments qui peuvent vous aider \u00e0 faciliter l&rsquo;accessibilit\u00e9 de votre site web :<\/p>\n\n\n\n<ul class=\"wp-block-list\"><li><strong>Agrandissement des caract\u00e8res : <\/strong>vous pouvez agrandir vous-m\u00eame la taille des caract\u00e8res de ce site web gr\u00e2ce \u00e0 la fonction int\u00e9gr\u00e9e dans votre navigateur. Nous avons veill\u00e9 \u00e0 ce que la mise en page des pages du site s&rsquo;adapte automatiquement.<\/li><li><strong>Accessibilit\u00e9 des documents : <\/strong>nous nous effor\u00e7ons de fournir tous les documents sous forme de PDF accessibles. Si vous rencontrez des probl\u00e8mes pour lire un document \u00e9lectronique, n&rsquo;h\u00e9sitez pas \u00e0 nous contacter \u00e0 l&rsquo;adresse info@belv.be.<\/li><\/ul>\n\n\n\n<p><strong>Date de la pr\u00e9sente d\u00e9claration d&rsquo;accessibilit\u00e9<\/strong><\/p>\n\n\n\n<p>Cette d\u00e9claration d&rsquo;accessibilit\u00e9 a \u00e9t\u00e9 pr\u00e9par\u00e9e et r\u00e9vis\u00e9e pour la derni\u00e8re fois le 19\/01\/2024.<\/p>\n\n\n\n<p><strong>Retour d&rsquo;information et coordonn\u00e9es<\/strong><\/p>\n\n\n\n<p>Si vous souhaitez nous faire part de vos commentaires sur l&rsquo;accessibilit\u00e9 de notre site web, vous pouvez toujours nous contacter :<\/p>\n\n\n\n<ul class=\"wp-block-list\"><li>Num\u00e9ro de t\u00e9l\u00e9phone : +32 2 528 02 11<\/li><li>Adresse \u00e9lectronique : <a href=\"mailto:info@belv.be\">info@belv.be<\/a><\/li><\/ul>\n\n\n\n<p>Vous n&rsquo;obtenez pas de r\u00e9ponse ou vous n&rsquo;\u00eates pas satisfait de la r\u00e9ponse que vous avez re\u00e7ue ? Contactez alors le M\u00e9diateur f\u00e9d\u00e9ral : <a href=\"https:\/\/www.federaalombudsman.be\/nl\/dien-een-klacht-in\">d\u00e9poser une <\/a><a href=\"https:\/\/www.federaalombudsman.be\/nl\/dien-een-klacht-in\">plainte | Federaalombudsman.be<\/a><\/p>\n","protected":false},"excerpt":{"rendered":"<p>Bel V s&rsquo;efforce de rendre son site Internet accessible et utilisable par tous, dans la mesure du possible, y compris par les visiteurs souffrant d&rsquo;un handicap moteur, visuel ou auditif. Cette d\u00e9claration d&rsquo;accessibilit\u00e9 s&rsquo;applique au site web de Bel V : https:\/\/www.belv.be\/fr\/. &nbsp; \u00c9tat de conformit\u00e9 Le pr\u00e9sent site web (https:\/\/www.belv.be\/fr\/) r\u00e9pond partiellement \u00e0 la [&hellip;]<\/p>\n","protected":false},"author":3,"featured_media":0,"parent":0,"menu_order":0,"comment_status":"closed","ping_status":"closed","template":"","meta":{"footnotes":""},"class_list":["post-856","page","type-page","status-publish","hentry"],"yoast_head":"<!-- This site is optimized with the Yoast SEO plugin v24.4 - https:\/\/yoast.com\/wordpress\/plugins\/seo\/ -->\n<title>D\u00e9claration d&#039;accessibilit\u00e9 Bel V - Belv<\/title>\n<meta name=\"robots\" content=\"index, follow, max-snippet:-1, max-image-preview:large, max-video-preview:-1\" \/>\n<link rel=\"canonical\" href=\"https:\/\/www.belv.be\/fr\/declaration-daccessibilite\/\" \/>\n<meta property=\"og:locale\" content=\"fr_FR\" \/>\n<meta property=\"og:type\" content=\"article\" \/>\n<meta property=\"og:title\" content=\"D\u00e9claration d&#039;accessibilit\u00e9 Bel V - Belv\" \/>\n<meta property=\"og:description\" content=\"Bel V s&rsquo;efforce de rendre son site Internet accessible et utilisable par tous, dans la mesure du possible, y compris par les visiteurs souffrant d&rsquo;un handicap moteur, visuel ou auditif. Cette d\u00e9claration d&rsquo;accessibilit\u00e9 s&rsquo;applique au site web de Bel V : https:\/\/www.belv.be\/fr\/. &nbsp; \u00c9tat de conformit\u00e9 Le pr\u00e9sent site web (https:\/\/www.belv.be\/fr\/) r\u00e9pond partiellement \u00e0 la [&hellip;]\" \/>\n<meta property=\"og:url\" content=\"https:\/\/www.belv.be\/fr\/declaration-daccessibilite\/\" \/>\n<meta property=\"og:site_name\" content=\"Belv\" \/>\n<meta property=\"article:modified_time\" content=\"2024-04-05T12:04:20+00:00\" \/>\n<meta name=\"twitter:card\" content=\"summary_large_image\" \/>\n<meta name=\"twitter:label1\" content=\"Dur\u00e9e de lecture estim\u00e9e\" \/>\n\t<meta name=\"twitter:data1\" content=\"3 minutes\" \/>\n<script type=\"application\/ld+json\" class=\"yoast-schema-graph\">{\"@context\":\"https:\/\/schema.org\",\"@graph\":[{\"@type\":\"WebPage\",\"@id\":\"https:\/\/www.belv.be\/fr\/declaration-daccessibilite\/\",\"url\":\"https:\/\/www.belv.be\/fr\/declaration-daccessibilite\/\",\"name\":\"D\u00e9claration d'accessibilit\u00e9 Bel V - Belv\",\"isPartOf\":{\"@id\":\"https:\/\/www.belv.be\/nl\/#website\"},\"datePublished\":\"2024-04-05T12:00:51+00:00\",\"dateModified\":\"2024-04-05T12:04:20+00:00\",\"breadcrumb\":{\"@id\":\"https:\/\/www.belv.be\/fr\/declaration-daccessibilite\/#breadcrumb\"},\"inLanguage\":\"fr-FR\",\"potentialAction\":[{\"@type\":\"ReadAction\",\"target\":[\"https:\/\/www.belv.be\/fr\/declaration-daccessibilite\/\"]}]},{\"@type\":\"BreadcrumbList\",\"@id\":\"https:\/\/www.belv.be\/fr\/declaration-daccessibilite\/#breadcrumb\",\"itemListElement\":[{\"@type\":\"ListItem\",\"position\":1,\"name\":\"Accueil\",\"item\":\"https:\/\/www.belv.be\/fr\/\"},{\"@type\":\"ListItem\",\"position\":2,\"name\":\"D\u00e9claration d&#8217;accessibilit\u00e9 Bel V\"}]},{\"@type\":\"WebSite\",\"@id\":\"https:\/\/www.belv.be\/nl\/#website\",\"url\":\"https:\/\/www.belv.be\/nl\/\",\"name\":\"Belv\",\"description\":\"Un site utilisant WordPress\",\"potentialAction\":[{\"@type\":\"SearchAction\",\"target\":{\"@type\":\"EntryPoint\",\"urlTemplate\":\"https:\/\/www.belv.be\/nl\/?s={search_term_string}\"},\"query-input\":{\"@type\":\"PropertyValueSpecification\",\"valueRequired\":true,\"valueName\":\"search_term_string\"}}],\"inLanguage\":\"fr-FR\"}]}<\/script>\n<!-- \/ Yoast SEO plugin. -->","yoast_head_json":{"title":"D\u00e9claration d'accessibilit\u00e9 Bel V - Belv","robots":{"index":"index","follow":"follow","max-snippet":"max-snippet:-1","max-image-preview":"max-image-preview:large","max-video-preview":"max-video-preview:-1"},"canonical":"https:\/\/www.belv.be\/fr\/declaration-daccessibilite\/","og_locale":"fr_FR","og_type":"article","og_title":"D\u00e9claration d'accessibilit\u00e9 Bel V - Belv","og_description":"Bel V s&rsquo;efforce de rendre son site Internet accessible et utilisable par tous, dans la mesure du possible, y compris par les visiteurs souffrant d&rsquo;un handicap moteur, visuel ou auditif. Cette d\u00e9claration d&rsquo;accessibilit\u00e9 s&rsquo;applique au site web de Bel V : https:\/\/www.belv.be\/fr\/. &nbsp; \u00c9tat de conformit\u00e9 Le pr\u00e9sent site web (https:\/\/www.belv.be\/fr\/) r\u00e9pond partiellement \u00e0 la [&hellip;]","og_url":"https:\/\/www.belv.be\/fr\/declaration-daccessibilite\/","og_site_name":"Belv","article_modified_time":"2024-04-05T12:04:20+00:00","twitter_card":"summary_large_image","twitter_misc":{"Dur\u00e9e de lecture estim\u00e9e":"3 minutes"},"schema":{"@context":"https:\/\/schema.org","@graph":[{"@type":"WebPage","@id":"https:\/\/www.belv.be\/fr\/declaration-daccessibilite\/","url":"https:\/\/www.belv.be\/fr\/declaration-daccessibilite\/","name":"D\u00e9claration d'accessibilit\u00e9 Bel V - Belv","isPartOf":{"@id":"https:\/\/www.belv.be\/nl\/#website"},"datePublished":"2024-04-05T12:00:51+00:00","dateModified":"2024-04-05T12:04:20+00:00","breadcrumb":{"@id":"https:\/\/www.belv.be\/fr\/declaration-daccessibilite\/#breadcrumb"},"inLanguage":"fr-FR","potentialAction":[{"@type":"ReadAction","target":["https:\/\/www.belv.be\/fr\/declaration-daccessibilite\/"]}]},{"@type":"BreadcrumbList","@id":"https:\/\/www.belv.be\/fr\/declaration-daccessibilite\/#breadcrumb","itemListElement":[{"@type":"ListItem","position":1,"name":"Accueil","item":"https:\/\/www.belv.be\/fr\/"},{"@type":"ListItem","position":2,"name":"D\u00e9claration d&#8217;accessibilit\u00e9 Bel V"}]},{"@type":"WebSite","@id":"https:\/\/www.belv.be\/nl\/#website","url":"https:\/\/www.belv.be\/nl\/","name":"Belv","description":"Un site utilisant WordPress","potentialAction":[{"@type":"SearchAction","target":{"@type":"EntryPoint","urlTemplate":"https:\/\/www.belv.be\/nl\/?s={search_term_string}"},"query-input":{"@type":"PropertyValueSpecification","valueRequired":true,"valueName":"search_term_string"}}],"inLanguage":"fr-FR"}]}},"_links":{"self":[{"href":"https:\/\/www.belv.be\/fr\/wp-json\/wp\/v2\/pages\/856","targetHints":{"allow":["GET"]}}],"collection":[{"href":"https:\/\/www.belv.be\/fr\/wp-json\/wp\/v2\/pages"}],"about":[{"href":"https:\/\/www.belv.be\/fr\/wp-json\/wp\/v2\/types\/page"}],"author":[{"embeddable":true,"href":"https:\/\/www.belv.be\/fr\/wp-json\/wp\/v2\/users\/3"}],"replies":[{"embeddable":true,"href":"https:\/\/www.belv.be\/fr\/wp-json\/wp\/v2\/comments?post=856"}],"version-history":[{"count":3,"href":"https:\/\/www.belv.be\/fr\/wp-json\/wp\/v2\/pages\/856\/revisions"}],"predecessor-version":[{"id":862,"href":"https:\/\/www.belv.be\/fr\/wp-json\/wp\/v2\/pages\/856\/revisions\/862"}],"wp:attachment":[{"href":"https:\/\/www.belv.be\/fr\/wp-json\/wp\/v2\/media?parent=856"}],"curies":[{"name":"wp","href":"https:\/\/api.w.org\/{rel}","templated":true}]}}