{"id":443,"date":"2022-01-20T15:50:14","date_gmt":"2022-01-20T14:50:14","guid":{"rendered":"https:\/\/www.belv.be\/about\/"},"modified":"2025-04-08T07:23:31","modified_gmt":"2025-04-08T05:23:31","slug":"a-propos","status":"publish","type":"page","link":"https:\/\/www.belv.be\/fr\/a-propos\/","title":{"rendered":"\u00c0 propos"},"content":{"rendered":"","protected":false},"excerpt":{"rendered":"","protected":false},"author":1,"featured_media":0,"parent":0,"menu_order":0,"comment_status":"closed","ping_status":"closed","template":"page-templates\/about.php","meta":{"footnotes":""},"class_list":["post-443","page","type-page","status-publish","hentry"],"yoast_head":"<!-- This site is optimized with the Yoast SEO plugin v24.4 - https:\/\/yoast.com\/wordpress\/plugins\/seo\/ -->\n<title>\u00c0 propos - Belv<\/title>\n<meta name=\"description\" content=\"Bel V est une fondation de droit priv\u00e9, filiale de l&#039;Agence F\u00e9d\u00e9rale de Contr\u00f4le Nucl\u00e9aire (AFCN) plac\u00e9e sous la tutelle du Minist\u00e8re de l&#039;Int\u00e9rieur.\" \/>\n<meta name=\"robots\" content=\"index, follow, max-snippet:-1, max-image-preview:large, max-video-preview:-1\" \/>\n<link rel=\"canonical\" href=\"https:\/\/www.belv.be\/fr\/a-propos\/\" \/>\n<meta property=\"og:locale\" content=\"fr_FR\" \/>\n<meta property=\"og:type\" content=\"article\" \/>\n<meta property=\"og:title\" content=\"\u00c0 propos - Belv\" \/>\n<meta property=\"og:description\" content=\"Bel V est une fondation de droit priv\u00e9, filiale de l&#039;Agence F\u00e9d\u00e9rale de Contr\u00f4le Nucl\u00e9aire (AFCN) plac\u00e9e sous la tutelle du Minist\u00e8re de l&#039;Int\u00e9rieur.\" \/>\n<meta property=\"og:url\" content=\"https:\/\/www.belv.be\/fr\/a-propos\/\" \/>\n<meta property=\"og:site_name\" content=\"Belv\" \/>\n<meta property=\"article:modified_time\" content=\"2025-04-08T05:23:31+00:00\" \/>\n<meta name=\"twitter:card\" content=\"summary_large_image\" \/>\n<script type=\"application\/ld+json\" class=\"yoast-schema-graph\">{\"@context\":\"https:\/\/schema.org\",\"@graph\":[{\"@type\":\"WebPage\",\"@id\":\"https:\/\/www.belv.be\/fr\/a-propos\/\",\"url\":\"https:\/\/www.belv.be\/fr\/a-propos\/\",\"name\":\"\u00c0 propos - Belv\",\"isPartOf\":{\"@id\":\"https:\/\/www.belv.be\/nl\/#website\"},\"datePublished\":\"2022-01-20T14:50:14+00:00\",\"dateModified\":\"2025-04-08T05:23:31+00:00\",\"description\":\"Bel V est une fondation de droit priv\u00e9, filiale de l'Agence F\u00e9d\u00e9rale de Contr\u00f4le Nucl\u00e9aire (AFCN) plac\u00e9e sous la tutelle du Minist\u00e8re de l'Int\u00e9rieur.\",\"breadcrumb\":{\"@id\":\"https:\/\/www.belv.be\/fr\/a-propos\/#breadcrumb\"},\"inLanguage\":\"fr-FR\",\"potentialAction\":[{\"@type\":\"ReadAction\",\"target\":[\"https:\/\/www.belv.be\/fr\/a-propos\/\"]}]},{\"@type\":\"BreadcrumbList\",\"@id\":\"https:\/\/www.belv.be\/fr\/a-propos\/#breadcrumb\",\"itemListElement\":[{\"@type\":\"ListItem\",\"position\":1,\"name\":\"Accueil\",\"item\":\"https:\/\/www.belv.be\/fr\/\"},{\"@type\":\"ListItem\",\"position\":2,\"name\":\"\u00c0 propos\"}]},{\"@type\":\"WebSite\",\"@id\":\"https:\/\/www.belv.be\/nl\/#website\",\"url\":\"https:\/\/www.belv.be\/nl\/\",\"name\":\"Belv\",\"description\":\"Un site utilisant WordPress\",\"potentialAction\":[{\"@type\":\"SearchAction\",\"target\":{\"@type\":\"EntryPoint\",\"urlTemplate\":\"https:\/\/www.belv.be\/nl\/?s={search_term_string}\"},\"query-input\":{\"@type\":\"PropertyValueSpecification\",\"valueRequired\":true,\"valueName\":\"search_term_string\"}}],\"inLanguage\":\"fr-FR\"}]}<\/script>\n<!-- \/ Yoast SEO plugin. -->","yoast_head_json":{"title":"\u00c0 propos - Belv","description":"Bel V est une fondation de droit priv\u00e9, filiale de l'Agence F\u00e9d\u00e9rale de Contr\u00f4le Nucl\u00e9aire (AFCN) plac\u00e9e sous la tutelle du Minist\u00e8re de l'Int\u00e9rieur.","robots":{"index":"index","follow":"follow","max-snippet":"max-snippet:-1","max-image-preview":"max-image-preview:large","max-video-preview":"max-video-preview:-1"},"canonical":"https:\/\/www.belv.be\/fr\/a-propos\/","og_locale":"fr_FR","og_type":"article","og_title":"\u00c0 propos - Belv","og_description":"Bel V est une fondation de droit priv\u00e9, filiale de l'Agence F\u00e9d\u00e9rale de Contr\u00f4le Nucl\u00e9aire (AFCN) plac\u00e9e sous la tutelle du Minist\u00e8re de l'Int\u00e9rieur.","og_url":"https:\/\/www.belv.be\/fr\/a-propos\/","og_site_name":"Belv","article_modified_time":"2025-04-08T05:23:31+00:00","twitter_card":"summary_large_image","schema":{"@context":"https:\/\/schema.org","@graph":[{"@type":"WebPage","@id":"https:\/\/www.belv.be\/fr\/a-propos\/","url":"https:\/\/www.belv.be\/fr\/a-propos\/","name":"\u00c0 propos - Belv","isPartOf":{"@id":"https:\/\/www.belv.be\/nl\/#website"},"datePublished":"2022-01-20T14:50:14+00:00","dateModified":"2025-04-08T05:23:31+00:00","description":"Bel V est une fondation de droit priv\u00e9, filiale de l'Agence F\u00e9d\u00e9rale de Contr\u00f4le Nucl\u00e9aire (AFCN) plac\u00e9e sous la tutelle du Minist\u00e8re de l'Int\u00e9rieur.","breadcrumb":{"@id":"https:\/\/www.belv.be\/fr\/a-propos\/#breadcrumb"},"inLanguage":"fr-FR","potentialAction":[{"@type":"ReadAction","target":["https:\/\/www.belv.be\/fr\/a-propos\/"]}]},{"@type":"BreadcrumbList","@id":"https:\/\/www.belv.be\/fr\/a-propos\/#breadcrumb","itemListElement":[{"@type":"ListItem","position":1,"name":"Accueil","item":"https:\/\/www.belv.be\/fr\/"},{"@type":"ListItem","position":2,"name":"\u00c0 propos"}]},{"@type":"WebSite","@id":"https:\/\/www.belv.be\/nl\/#website","url":"https:\/\/www.belv.be\/nl\/","name":"Belv","description":"Un site utilisant WordPress","potentialAction":[{"@type":"SearchAction","target":{"@type":"EntryPoint","urlTemplate":"https:\/\/www.belv.be\/nl\/?s={search_term_string}"},"query-input":{"@type":"PropertyValueSpecification","valueRequired":true,"valueName":"search_term_string"}}],"inLanguage":"fr-FR"}]}},"_links":{"self":[{"href":"https:\/\/www.belv.be\/fr\/wp-json\/wp\/v2\/pages\/443","targetHints":{"allow":["GET"]}}],"collection":[{"href":"https:\/\/www.belv.be\/fr\/wp-json\/wp\/v2\/pages"}],"about":[{"href":"https:\/\/www.belv.be\/fr\/wp-json\/wp\/v2\/types\/page"}],"author":[{"embeddable":true,"href":"https:\/\/www.belv.be\/fr\/wp-json\/wp\/v2\/users\/1"}],"replies":[{"embeddable":true,"href":"https:\/\/www.belv.be\/fr\/wp-json\/wp\/v2\/comments?post=443"}],"version-history":[{"count":6,"href":"https:\/\/www.belv.be\/fr\/wp-json\/wp\/v2\/pages\/443\/revisions"}],"predecessor-version":[{"id":1075,"href":"https:\/\/www.belv.be\/fr\/wp-json\/wp\/v2\/pages\/443\/revisions\/1075"}],"wp:attachment":[{"href":"https:\/\/www.belv.be\/fr\/wp-json\/wp\/v2\/media?parent=443"}],"curies":[{"name":"wp","href":"https:\/\/api.w.org\/{rel}","templated":true}]}}