{"id":441,"date":"2022-01-28T10:09:57","date_gmt":"2022-01-28T09:09:57","guid":{"rendered":"https:\/\/www.belv.be\/perspectives\/"},"modified":"2022-12-13T11:22:53","modified_gmt":"2022-12-13T10:22:53","slug":"perspectives","status":"publish","type":"page","link":"https:\/\/www.belv.be\/fr\/perspectives\/","title":{"rendered":"Perspectives"},"content":{"rendered":"","protected":false},"excerpt":{"rendered":"","protected":false},"author":1,"featured_media":0,"parent":0,"menu_order":0,"comment_status":"closed","ping_status":"closed","template":"page-templates\/perspectives.php","meta":{"footnotes":""},"class_list":["post-441","page","type-page","status-publish","hentry"],"yoast_head":"<!-- This site is optimized with the Yoast SEO plugin v24.4 - https:\/\/yoast.com\/wordpress\/plugins\/seo\/ -->\n<title>Perspectives - Belv<\/title>\n<meta name=\"description\" content=\"Bel V vise \u00e0 continuer \u00e0 offrir, en Belgique et \u00e0 l&#039;\u00e9tranger, aux autorit\u00e9s de s\u00fbret\u00e9 nucl\u00e9aire ou \u00e0 d&#039;autres Organismes Techniques de S\u00fbret\u00e9, des services de conseil, d&#039;appui aux inspections ou de formation dans le domaine de la s\u00fbret\u00e9 nucl\u00e9aire et de la radioprotection.\" \/>\n<meta name=\"robots\" content=\"index, follow, max-snippet:-1, max-image-preview:large, max-video-preview:-1\" \/>\n<link rel=\"canonical\" href=\"https:\/\/www.belv.be\/fr\/perspectives\/\" \/>\n<meta property=\"og:locale\" content=\"fr_FR\" \/>\n<meta property=\"og:type\" content=\"article\" \/>\n<meta property=\"og:title\" content=\"Perspectives - Belv\" \/>\n<meta property=\"og:description\" content=\"Bel V vise \u00e0 continuer \u00e0 offrir, en Belgique et \u00e0 l&#039;\u00e9tranger, aux autorit\u00e9s de s\u00fbret\u00e9 nucl\u00e9aire ou \u00e0 d&#039;autres Organismes Techniques de S\u00fbret\u00e9, des services de conseil, d&#039;appui aux inspections ou de formation dans le domaine de la s\u00fbret\u00e9 nucl\u00e9aire et de la radioprotection.\" \/>\n<meta property=\"og:url\" content=\"https:\/\/www.belv.be\/fr\/perspectives\/\" \/>\n<meta property=\"og:site_name\" content=\"Belv\" \/>\n<meta property=\"article:modified_time\" content=\"2022-12-13T10:22:53+00:00\" \/>\n<meta name=\"twitter:card\" content=\"summary_large_image\" \/>\n<script type=\"application\/ld+json\" class=\"yoast-schema-graph\">{\"@context\":\"https:\/\/schema.org\",\"@graph\":[{\"@type\":\"WebPage\",\"@id\":\"https:\/\/www.belv.be\/fr\/perspectives\/\",\"url\":\"https:\/\/www.belv.be\/fr\/perspectives\/\",\"name\":\"Perspectives - Belv\",\"isPartOf\":{\"@id\":\"https:\/\/www.belv.be\/nl\/#website\"},\"datePublished\":\"2022-01-28T09:09:57+00:00\",\"dateModified\":\"2022-12-13T10:22:53+00:00\",\"description\":\"Bel V vise \u00e0 continuer \u00e0 offrir, en Belgique et \u00e0 l'\u00e9tranger, aux autorit\u00e9s de s\u00fbret\u00e9 nucl\u00e9aire ou \u00e0 d'autres Organismes Techniques de S\u00fbret\u00e9, des services de conseil, d'appui aux inspections ou de formation dans le domaine de la s\u00fbret\u00e9 nucl\u00e9aire et de la radioprotection.\",\"breadcrumb\":{\"@id\":\"https:\/\/www.belv.be\/fr\/perspectives\/#breadcrumb\"},\"inLanguage\":\"fr-FR\",\"potentialAction\":[{\"@type\":\"ReadAction\",\"target\":[\"https:\/\/www.belv.be\/fr\/perspectives\/\"]}]},{\"@type\":\"BreadcrumbList\",\"@id\":\"https:\/\/www.belv.be\/fr\/perspectives\/#breadcrumb\",\"itemListElement\":[{\"@type\":\"ListItem\",\"position\":1,\"name\":\"Accueil\",\"item\":\"https:\/\/www.belv.be\/fr\/\"},{\"@type\":\"ListItem\",\"position\":2,\"name\":\"Perspectives\"}]},{\"@type\":\"WebSite\",\"@id\":\"https:\/\/www.belv.be\/nl\/#website\",\"url\":\"https:\/\/www.belv.be\/nl\/\",\"name\":\"Belv\",\"description\":\"Un site utilisant WordPress\",\"potentialAction\":[{\"@type\":\"SearchAction\",\"target\":{\"@type\":\"EntryPoint\",\"urlTemplate\":\"https:\/\/www.belv.be\/nl\/?s={search_term_string}\"},\"query-input\":{\"@type\":\"PropertyValueSpecification\",\"valueRequired\":true,\"valueName\":\"search_term_string\"}}],\"inLanguage\":\"fr-FR\"}]}<\/script>\n<!-- \/ Yoast SEO plugin. -->","yoast_head_json":{"title":"Perspectives - Belv","description":"Bel V vise \u00e0 continuer \u00e0 offrir, en Belgique et \u00e0 l'\u00e9tranger, aux autorit\u00e9s de s\u00fbret\u00e9 nucl\u00e9aire ou \u00e0 d'autres Organismes Techniques de S\u00fbret\u00e9, des services de conseil, d'appui aux inspections ou de formation dans le domaine de la s\u00fbret\u00e9 nucl\u00e9aire et de la radioprotection.","robots":{"index":"index","follow":"follow","max-snippet":"max-snippet:-1","max-image-preview":"max-image-preview:large","max-video-preview":"max-video-preview:-1"},"canonical":"https:\/\/www.belv.be\/fr\/perspectives\/","og_locale":"fr_FR","og_type":"article","og_title":"Perspectives - Belv","og_description":"Bel V vise \u00e0 continuer \u00e0 offrir, en Belgique et \u00e0 l'\u00e9tranger, aux autorit\u00e9s de s\u00fbret\u00e9 nucl\u00e9aire ou \u00e0 d'autres Organismes Techniques de S\u00fbret\u00e9, des services de conseil, d'appui aux inspections ou de formation dans le domaine de la s\u00fbret\u00e9 nucl\u00e9aire et de la radioprotection.","og_url":"https:\/\/www.belv.be\/fr\/perspectives\/","og_site_name":"Belv","article_modified_time":"2022-12-13T10:22:53+00:00","twitter_card":"summary_large_image","schema":{"@context":"https:\/\/schema.org","@graph":[{"@type":"WebPage","@id":"https:\/\/www.belv.be\/fr\/perspectives\/","url":"https:\/\/www.belv.be\/fr\/perspectives\/","name":"Perspectives - Belv","isPartOf":{"@id":"https:\/\/www.belv.be\/nl\/#website"},"datePublished":"2022-01-28T09:09:57+00:00","dateModified":"2022-12-13T10:22:53+00:00","description":"Bel V vise \u00e0 continuer \u00e0 offrir, en Belgique et \u00e0 l'\u00e9tranger, aux autorit\u00e9s de s\u00fbret\u00e9 nucl\u00e9aire ou \u00e0 d'autres Organismes Techniques de S\u00fbret\u00e9, des services de conseil, d'appui aux inspections ou de formation dans le domaine de la s\u00fbret\u00e9 nucl\u00e9aire et de la radioprotection.","breadcrumb":{"@id":"https:\/\/www.belv.be\/fr\/perspectives\/#breadcrumb"},"inLanguage":"fr-FR","potentialAction":[{"@type":"ReadAction","target":["https:\/\/www.belv.be\/fr\/perspectives\/"]}]},{"@type":"BreadcrumbList","@id":"https:\/\/www.belv.be\/fr\/perspectives\/#breadcrumb","itemListElement":[{"@type":"ListItem","position":1,"name":"Accueil","item":"https:\/\/www.belv.be\/fr\/"},{"@type":"ListItem","position":2,"name":"Perspectives"}]},{"@type":"WebSite","@id":"https:\/\/www.belv.be\/nl\/#website","url":"https:\/\/www.belv.be\/nl\/","name":"Belv","description":"Un site utilisant WordPress","potentialAction":[{"@type":"SearchAction","target":{"@type":"EntryPoint","urlTemplate":"https:\/\/www.belv.be\/nl\/?s={search_term_string}"},"query-input":{"@type":"PropertyValueSpecification","valueRequired":true,"valueName":"search_term_string"}}],"inLanguage":"fr-FR"}]}},"_links":{"self":[{"href":"https:\/\/www.belv.be\/fr\/wp-json\/wp\/v2\/pages\/441","targetHints":{"allow":["GET"]}}],"collection":[{"href":"https:\/\/www.belv.be\/fr\/wp-json\/wp\/v2\/pages"}],"about":[{"href":"https:\/\/www.belv.be\/fr\/wp-json\/wp\/v2\/types\/page"}],"author":[{"embeddable":true,"href":"https:\/\/www.belv.be\/fr\/wp-json\/wp\/v2\/users\/1"}],"replies":[{"embeddable":true,"href":"https:\/\/www.belv.be\/fr\/wp-json\/wp\/v2\/comments?post=441"}],"version-history":[{"count":1,"href":"https:\/\/www.belv.be\/fr\/wp-json\/wp\/v2\/pages\/441\/revisions"}],"predecessor-version":[{"id":442,"href":"https:\/\/www.belv.be\/fr\/wp-json\/wp\/v2\/pages\/441\/revisions\/442"}],"wp:attachment":[{"href":"https:\/\/www.belv.be\/fr\/wp-json\/wp\/v2\/media?parent=441"}],"curies":[{"name":"wp","href":"https:\/\/api.w.org\/{rel}","templated":true}]}}