{"id":432,"date":"2022-01-25T13:14:58","date_gmt":"2022-01-25T12:14:58","guid":{"rendered":"https:\/\/www.belv.be\/services-expertises\/"},"modified":"2022-12-13T11:32:44","modified_gmt":"2022-12-13T10:32:44","slug":"services-expertises","status":"publish","type":"page","link":"https:\/\/www.belv.be\/fr\/services-expertises\/","title":{"rendered":"Services &#038; Expertises"},"content":{"rendered":"","protected":false},"excerpt":{"rendered":"","protected":false},"author":1,"featured_media":0,"parent":0,"menu_order":0,"comment_status":"closed","ping_status":"closed","template":"page-templates\/services.php","meta":{"footnotes":""},"class_list":["post-432","page","type-page","status-publish","hentry"],"yoast_head":"<!-- This site is optimized with the Yoast SEO plugin v24.4 - https:\/\/yoast.com\/wordpress\/plugins\/seo\/ -->\n<title>Services &amp; Expertises - Belv<\/title>\n<meta name=\"description\" content=\"S&#039;appuyant sur plus de 50 ans d&#039;exp\u00e9rience, les \u00e9quipes de Bel V proposent une expertise approfondie dans le domaine des \u00e9valuations de s\u00fbret\u00e9 nucl\u00e9aire et de la radioprotection, du calcul et de la mod\u00e9lisation des ph\u00e9nom\u00e8nes physiques, des inspections des installations et de la formation du personnel.\" \/>\n<meta name=\"robots\" content=\"index, follow, max-snippet:-1, max-image-preview:large, max-video-preview:-1\" \/>\n<link rel=\"canonical\" href=\"https:\/\/www.belv.be\/fr\/services-expertises\/\" \/>\n<meta property=\"og:locale\" content=\"fr_FR\" \/>\n<meta property=\"og:type\" content=\"article\" \/>\n<meta property=\"og:title\" content=\"Services &amp; Expertises - Belv\" \/>\n<meta property=\"og:description\" content=\"S&#039;appuyant sur plus de 50 ans d&#039;exp\u00e9rience, les \u00e9quipes de Bel V proposent une expertise approfondie dans le domaine des \u00e9valuations de s\u00fbret\u00e9 nucl\u00e9aire et de la radioprotection, du calcul et de la mod\u00e9lisation des ph\u00e9nom\u00e8nes physiques, des inspections des installations et de la formation du personnel.\" \/>\n<meta property=\"og:url\" content=\"https:\/\/www.belv.be\/fr\/services-expertises\/\" \/>\n<meta property=\"og:site_name\" content=\"Belv\" \/>\n<meta property=\"article:modified_time\" content=\"2022-12-13T10:32:44+00:00\" \/>\n<meta name=\"twitter:card\" content=\"summary_large_image\" \/>\n<script type=\"application\/ld+json\" class=\"yoast-schema-graph\">{\"@context\":\"https:\/\/schema.org\",\"@graph\":[{\"@type\":\"WebPage\",\"@id\":\"https:\/\/www.belv.be\/fr\/services-expertises\/\",\"url\":\"https:\/\/www.belv.be\/fr\/services-expertises\/\",\"name\":\"Services & Expertises - Belv\",\"isPartOf\":{\"@id\":\"https:\/\/www.belv.be\/nl\/#website\"},\"datePublished\":\"2022-01-25T12:14:58+00:00\",\"dateModified\":\"2022-12-13T10:32:44+00:00\",\"description\":\"S'appuyant sur plus de 50 ans d'exp\u00e9rience, les \u00e9quipes de Bel V proposent une expertise approfondie dans le domaine des \u00e9valuations de s\u00fbret\u00e9 nucl\u00e9aire et de la radioprotection, du calcul et de la mod\u00e9lisation des ph\u00e9nom\u00e8nes physiques, des inspections des installations et de la formation du personnel.\",\"breadcrumb\":{\"@id\":\"https:\/\/www.belv.be\/fr\/services-expertises\/#breadcrumb\"},\"inLanguage\":\"fr-FR\",\"potentialAction\":[{\"@type\":\"ReadAction\",\"target\":[\"https:\/\/www.belv.be\/fr\/services-expertises\/\"]}]},{\"@type\":\"BreadcrumbList\",\"@id\":\"https:\/\/www.belv.be\/fr\/services-expertises\/#breadcrumb\",\"itemListElement\":[{\"@type\":\"ListItem\",\"position\":1,\"name\":\"Accueil\",\"item\":\"https:\/\/www.belv.be\/fr\/\"},{\"@type\":\"ListItem\",\"position\":2,\"name\":\"Services &#038; Expertises\"}]},{\"@type\":\"WebSite\",\"@id\":\"https:\/\/www.belv.be\/nl\/#website\",\"url\":\"https:\/\/www.belv.be\/nl\/\",\"name\":\"Belv\",\"description\":\"Un site utilisant WordPress\",\"potentialAction\":[{\"@type\":\"SearchAction\",\"target\":{\"@type\":\"EntryPoint\",\"urlTemplate\":\"https:\/\/www.belv.be\/nl\/?s={search_term_string}\"},\"query-input\":{\"@type\":\"PropertyValueSpecification\",\"valueRequired\":true,\"valueName\":\"search_term_string\"}}],\"inLanguage\":\"fr-FR\"}]}<\/script>\n<!-- \/ Yoast SEO plugin. -->","yoast_head_json":{"title":"Services & Expertises - Belv","description":"S'appuyant sur plus de 50 ans d'exp\u00e9rience, les \u00e9quipes de Bel V proposent une expertise approfondie dans le domaine des \u00e9valuations de s\u00fbret\u00e9 nucl\u00e9aire et de la radioprotection, du calcul et de la mod\u00e9lisation des ph\u00e9nom\u00e8nes physiques, des inspections des installations et de la formation du personnel.","robots":{"index":"index","follow":"follow","max-snippet":"max-snippet:-1","max-image-preview":"max-image-preview:large","max-video-preview":"max-video-preview:-1"},"canonical":"https:\/\/www.belv.be\/fr\/services-expertises\/","og_locale":"fr_FR","og_type":"article","og_title":"Services & Expertises - Belv","og_description":"S'appuyant sur plus de 50 ans d'exp\u00e9rience, les \u00e9quipes de Bel V proposent une expertise approfondie dans le domaine des \u00e9valuations de s\u00fbret\u00e9 nucl\u00e9aire et de la radioprotection, du calcul et de la mod\u00e9lisation des ph\u00e9nom\u00e8nes physiques, des inspections des installations et de la formation du personnel.","og_url":"https:\/\/www.belv.be\/fr\/services-expertises\/","og_site_name":"Belv","article_modified_time":"2022-12-13T10:32:44+00:00","twitter_card":"summary_large_image","schema":{"@context":"https:\/\/schema.org","@graph":[{"@type":"WebPage","@id":"https:\/\/www.belv.be\/fr\/services-expertises\/","url":"https:\/\/www.belv.be\/fr\/services-expertises\/","name":"Services & Expertises - Belv","isPartOf":{"@id":"https:\/\/www.belv.be\/nl\/#website"},"datePublished":"2022-01-25T12:14:58+00:00","dateModified":"2022-12-13T10:32:44+00:00","description":"S'appuyant sur plus de 50 ans d'exp\u00e9rience, les \u00e9quipes de Bel V proposent une expertise approfondie dans le domaine des \u00e9valuations de s\u00fbret\u00e9 nucl\u00e9aire et de la radioprotection, du calcul et de la mod\u00e9lisation des ph\u00e9nom\u00e8nes physiques, des inspections des installations et de la formation du personnel.","breadcrumb":{"@id":"https:\/\/www.belv.be\/fr\/services-expertises\/#breadcrumb"},"inLanguage":"fr-FR","potentialAction":[{"@type":"ReadAction","target":["https:\/\/www.belv.be\/fr\/services-expertises\/"]}]},{"@type":"BreadcrumbList","@id":"https:\/\/www.belv.be\/fr\/services-expertises\/#breadcrumb","itemListElement":[{"@type":"ListItem","position":1,"name":"Accueil","item":"https:\/\/www.belv.be\/fr\/"},{"@type":"ListItem","position":2,"name":"Services &#038; Expertises"}]},{"@type":"WebSite","@id":"https:\/\/www.belv.be\/nl\/#website","url":"https:\/\/www.belv.be\/nl\/","name":"Belv","description":"Un site utilisant WordPress","potentialAction":[{"@type":"SearchAction","target":{"@type":"EntryPoint","urlTemplate":"https:\/\/www.belv.be\/nl\/?s={search_term_string}"},"query-input":{"@type":"PropertyValueSpecification","valueRequired":true,"valueName":"search_term_string"}}],"inLanguage":"fr-FR"}]}},"_links":{"self":[{"href":"https:\/\/www.belv.be\/fr\/wp-json\/wp\/v2\/pages\/432","targetHints":{"allow":["GET"]}}],"collection":[{"href":"https:\/\/www.belv.be\/fr\/wp-json\/wp\/v2\/pages"}],"about":[{"href":"https:\/\/www.belv.be\/fr\/wp-json\/wp\/v2\/types\/page"}],"author":[{"embeddable":true,"href":"https:\/\/www.belv.be\/fr\/wp-json\/wp\/v2\/users\/1"}],"replies":[{"embeddable":true,"href":"https:\/\/www.belv.be\/fr\/wp-json\/wp\/v2\/comments?post=432"}],"version-history":[{"count":3,"href":"https:\/\/www.belv.be\/fr\/wp-json\/wp\/v2\/pages\/432\/revisions"}],"predecessor-version":[{"id":435,"href":"https:\/\/www.belv.be\/fr\/wp-json\/wp\/v2\/pages\/432\/revisions\/435"}],"wp:attachment":[{"href":"https:\/\/www.belv.be\/fr\/wp-json\/wp\/v2\/media?parent=432"}],"curies":[{"name":"wp","href":"https:\/\/api.w.org\/{rel}","templated":true}]}}